{"id":281,"date":"2025-07-14T21:21:01","date_gmt":"2025-07-14T18:21:01","guid":{"rendered":"https:\/\/tyriloomemaja.ee\/tyrinoortekeskus\/?page_id=281"},"modified":"2026-04-15T10:17:00","modified_gmt":"2026-04-15T07:17:00","slug":"oisu-huviringid","status":"publish","type":"page","link":"https:\/\/tyriloomemaja.ee\/tyrinoortekeskus\/oisu-noortetuba\/oisu-huviringid\/","title":{"rendered":"Oisu huviringid"},"content":{"rendered":"<div class=\"brz brz-root__container brz-reset-all brz-root__container-page\">\n<section id=\"s_RPRv5Qk8yG_s_RPRv5Qk8yG\" class=\"brz-section brz-css-1ufda9m brz-css-1xgekht\">\n<div class=\"brz-section__content brz-section--boxed brz-css-17a0h4y brz-css-1wb4f2n\" data-brz-custom-id=\"r_B5SJZbtVga\">\n<div class=\"brz-container brz-css-d9cbyv brz-css-o8ablg\">\n<div id=\"\" class=\"brz-css-e5og83 brz-css-153s97k brz-wrapper\">\n<div class=\"brz-image brz-css-1rnspz1 brz-css-y3eibc\" data-brz-custom-id=\"sTjyTNFIgkMa\"><img decoding=\"async\" class=\"brz-img\" src=\"https:\/\/tyriloomemaja.ee\/tyrinoortekeskus\/wp-content\/uploads\/2025\/10\/Playful-Illustrative-Event-Schedule-Flyer-3.jpg\" loading=\"lazy\" alt=\"\" title=\"Playful Illustrative Event Schedule Flyer (3)\"><\/div>\n<\/div>\n<\/div>\n<\/div>\n<\/section>\n<section id=\"fd64cc502e8301c551cc_oxlhZvpTe4hC\" class=\"brz-section brz-css-1faxfo brz-css-1egd88m\">\n<div class=\"brz-section__content brz-section--boxed brz-css-pqwoxp brz-css-190a81l\" data-brz-custom-id=\"wHFsQDx4Oae7\">\n<div class=\"brz-bg\">\n<div class=\"brz-bg-color\"><\/div>\n<\/div>\n<div class=\"brz-container brz-css-1jfrigz brz-css-4zr0hx\">\n<div class=\"brz-row__container brz-css-11l4qp2 brz-css-m0ccca\" data-brz-custom-id=\"mF2BYJFWEv60\">\n<div class=\"brz-row brz-css-gp32zs brz-css-1cnykd6 brz-css-x9cman\">\n<div class=\"brz-columns brz-css-qhzd3 brz-css-1ebp3e\" data-brz-custom-id=\"giRvtVzEWqJC\">\n<div class=\"brz-column__items brz-css-t8tnwr brz-css-1nqqabu\">\n<div class=\"brz-row__container brz-css-11l4qp2 brz-css-19xsuh3\" data-brz-custom-id=\"miPVAJEYLT9V\">\n<div class=\"brz-row brz-row--inner brz-css-gp32zs brz-css-1cnykd6 brz-css-9n64uk\">\n<div class=\"brz-columns brz-css-qhzd3 brz-css-xrxo76\" data-brz-custom-id=\"ySg2hhNcTsrH\">\n<div class=\"brz-column__items brz-css-t8tnwr brz-css-xij3tz\">\n<div id=\"\" class=\"brz-css-s0dl8b brz-css-1sbso66 brz-wrapper\">\n<div class=\"brz-rich-text brz-rich-text__custom brz-css-1si5orw brz-css-19swngw\" data-brz-custom-id=\"nw2UdzaeI2rp\">\n<div data-brz-translate-text=\"1\">\n<p data-generated-css=\"brz-css-cRy03\" data-uniq-id=\"spIca\" class=\"brz-fs-lg-14 brz-ft-google brz-ff-overpass brz-tp-lg-empty brz-fsft-lg-0 brz-fwdth-lg-100 brz-vfw-lg-400 brz-lh-lg-1_9 brz-ls-lg-0 brz-fw-lg-400 brz-fss-lg-px brz-css-slF7G\"><strong>T\u00fcri noortekeskus<\/strong><\/p>\n<p data-generated-css=\"brz-css-bOFxD\" data-uniq-id=\"iJfY_\" class=\"brz-fs-lg-14 brz-ft-google brz-ff-overpass brz-tp-lg-empty brz-fsft-lg-0 brz-fwdth-lg-100 brz-vfw-lg-400 brz-lh-lg-1_9 brz-ls-lg-0 brz-fw-lg-400 brz-fss-lg-px brz-css-uM8bU\"><span>Tallinna t\u00e4nav 1a, T\u00fcri linn, T\u00fcri vald<\/span><\/p>\n<p data-generated-css=\"brz-css-sIaku\" data-uniq-id=\"xL0VO\" class=\"brz-fsft-lg-0 brz-fwdth-lg-100 brz-vfw-lg-400 brz-lh-lg-1_9 brz-ls-lg-0 brz-fw-lg-400 brz-fss-lg-px brz-fs-lg-14 brz-ft-google brz-ff-overpass brz-tp-lg-empty brz-css-qu5La\"><strong>Tel. 5343 6104 <\/strong><\/p>\n<p data-generated-css=\"brz-css-hS5z1\" data-uniq-id=\"xDEX9\" class=\"brz-fsft-lg-0 brz-fwdth-lg-100 brz-vfw-lg-400 brz-lh-lg-1_9 brz-ls-lg-0 brz-fw-lg-400 brz-fss-lg-px brz-fs-lg-14 brz-ft-google brz-ff-overpass brz-tp-lg-empty brz-css-pmgGa\"><strong>e-post:<\/strong><span>&nbsp;noortekeskus<\/span><span class=\"brz-pre-population-visible\">@tyri.ee<\/span><\/p>\n<\/div>\n<\/div>\n<\/div>\n<\/div>\n<\/div>\n<div class=\"brz-columns brz-css-qhzd3 brz-css-1dkhngf\" data-brz-custom-id=\"uH6WsEh2gFvk\">\n<div class=\"brz-column__items brz-css-t8tnwr brz-css-1mpd27s\">\n<div id=\"\" class=\"brz-css-s0dl8b brz-css-5m0ujq brz-wrapper\">\n<div class=\"brz-rich-text brz-rich-text__custom brz-css-1si5orw brz-css-1wcjjmt\" data-brz-custom-id=\"keEYlSFT_AaD\">\n<div data-brz-translate-text=\"1\">\n<p class=\"brz-fss-lg-px brz-fw-lg-400 brz-ls-lg-0 brz-lh-lg-1_9 brz-vfw-lg-400 brz-fwdth-lg-100 brz-fsft-lg-0 brz-tp-lg-empty brz-ff-overpass brz-ft-google brz-fs-lg-14 brz-css-g0AbE\" data-uniq-id=\"otTQG\" data-generated-css=\"brz-css-jSJtD\"><strong>K\u00e4ru noortetuba<\/strong><\/p>\n<p class=\"brz-fss-lg-px brz-fw-lg-400 brz-ls-lg-0 brz-lh-lg-1_9 brz-vfw-lg-400 brz-fwdth-lg-100 brz-fsft-lg-0 brz-tp-lg-empty brz-ff-overpass brz-ft-google brz-fs-lg-14 brz-css-mqk7j\" data-uniq-id=\"hd1zA\" data-generated-css=\"brz-css-ozXaL\"><strong>K\u00e4ru alevik, Lao t\u00e4nav 35<\/strong><\/p>\n<p class=\"brz-fss-lg-px brz-fw-lg-400 brz-ls-lg-0 brz-lh-lg-1_9 brz-vfw-lg-400 brz-fwdth-lg-100 brz-fsft-lg-0 brz-tp-lg-empty brz-ff-overpass brz-ft-google brz-fs-lg-14 brz-css-dkJ3z\" data-uniq-id=\"g5q2J\" data-generated-css=\"brz-css-iq5Rh\"><strong> tel. 58534737<\/strong><\/p>\n<p class=\"brz-fss-lg-px brz-fw-lg-400 brz-ls-lg-0 brz-lh-lg-1_9 brz-vfw-lg-400 brz-fwdth-lg-100 brz-fsft-lg-0 brz-tp-lg-empty brz-ff-overpass brz-ft-google brz-fs-lg-14 brz-css-lnbmh\" data-uniq-id=\"oNZ0W\" data-generated-css=\"brz-css-pMVJo\"><span>e-post: alice.sizask<\/span><span class=\"brz-pre-population-visible\">@gmail.com<\/span><\/p>\n<p class=\"brz-fss-lg-px brz-fw-lg-400 brz-ls-lg-0 brz-lh-lg-1_9 brz-vfw-lg-400 brz-fwdth-lg-100 brz-fsft-lg-0 brz-tp-lg-empty brz-ff-overpass brz-ft-google brz-fs-lg-14 brz-css-l4VE8\" data-uniq-id=\"nUs4Y\" data-generated-css=\"brz-css-nocxv\"><\/p>\n<\/div>\n<\/div>\n<\/div>\n<\/div>\n<\/div>\n<\/div>\n<\/div>\n<\/div>\n<\/div>\n<div class=\"brz-columns brz-css-qhzd3 brz-css-1dseq41\" data-brz-custom-id=\"dH1SGW5Letdi\">\n<div class=\"brz-column__items brz-css-t8tnwr brz-css-3y3lwj\">\n<div class=\"brz-row__container brz-css-11l4qp2 brz-css-40v1w8\" data-brz-custom-id=\"f7GBaJwuVTLx\">\n<div class=\"brz-row brz-row--inner brz-css-gp32zs brz-css-1cnykd6 brz-css-1nmibuo\">\n<div class=\"brz-columns brz-css-qhzd3 brz-css-18315sf\" data-brz-custom-id=\"tjTkTKpgwJgL\">\n<div class=\"brz-column__items brz-css-t8tnwr brz-css-x51yy9\">\n<div id=\"\" class=\"brz-css-s0dl8b brz-css-whydzi brz-wrapper\">\n<div class=\"brz-rich-text brz-rich-text__custom brz-css-1si5orw brz-css-yefvlb\" data-brz-custom-id=\"u4PXilSLyvx7\">\n<div data-brz-translate-text=\"1\">\n<p class=\"brz-fss-lg-px brz-fw-lg-400 brz-ls-lg-0 brz-lh-lg-1_9 brz-vfw-lg-400 brz-fwdth-lg-100 brz-fsft-lg-0 brz-tp-lg-empty brz-ff-overpass brz-ft-google brz-fs-lg-14 brz-css-ycW9G\" data-uniq-id=\"n4ZIl\" data-generated-css=\"brz-css-mL42x\"><span>V\u00e4\u00e4tsa noortetuba<\/span><\/p>\n<p class=\"brz-fss-lg-px brz-fw-lg-400 brz-ls-lg-0 brz-lh-lg-1_9 brz-vfw-lg-400 brz-fwdth-lg-100 brz-fsft-lg-0 brz-tp-lg-empty brz-ff-overpass brz-ft-google brz-fs-lg-14 brz-css-pYUUa\" data-uniq-id=\"c25yE\" data-generated-css=\"brz-css-yUbqJ\"><strong>V\u00e4\u00e4tsa alevik, Pikk tn 3  <\/strong><\/p>\n<p class=\"brz-fss-lg-px brz-fw-lg-400 brz-ls-lg-0 brz-lh-lg-1_9 brz-vfw-lg-400 brz-fwdth-lg-100 brz-fsft-lg-0 brz-tp-lg-empty brz-ff-overpass brz-ft-google brz-fs-lg-14 brz-css-rU0e0\" data-uniq-id=\"qatsw\" data-generated-css=\"brz-css-f5lZf\"><strong> tel. 58534611<\/strong><\/p>\n<p class=\"brz-fss-lg-px brz-fw-lg-400 brz-ls-lg-0 brz-lh-lg-1_9 brz-vfw-lg-400 brz-fwdth-lg-100 brz-fsft-lg-0 brz-tp-lg-empty brz-ff-overpass brz-ft-google brz-fs-lg-14 brz-css-haZy1\" data-uniq-id=\"tifgB\" data-generated-css=\"brz-css-nalyX\"><span>e-post: vaatsanoortetuba<\/span><span class=\"brz-pre-population-visible\">@tyri.ee<\/span><\/p>\n<p class=\"brz-fss-lg-px brz-fw-lg-400 brz-ls-lg-0 brz-lh-lg-1_9 brz-vfw-lg-400 brz-fwdth-lg-100 brz-fsft-lg-0 brz-tp-lg-empty brz-ff-overpass brz-ft-google brz-fs-lg-14 brz-css-dR_5O\" data-uniq-id=\"n4ZIl\" data-generated-css=\"brz-css-mL42x\"><span> <\/span><\/p>\n<\/div>\n<\/div>\n<\/div>\n<\/div>\n<\/div>\n<div class=\"brz-columns brz-css-qhzd3 brz-css-tyr27f\" data-brz-custom-id=\"bXyGzSp1s8Gf\">\n<div class=\"brz-column__items brz-css-t8tnwr brz-css-xpjirn\">\n<div id=\"\" class=\"brz-css-s0dl8b brz-css-1wo9lqh brz-wrapper\">\n<div class=\"brz-rich-text brz-rich-text__custom brz-css-1si5orw brz-css-zb1uf4\" data-brz-custom-id=\"cvJ0ufYqEW2p\">\n<div data-brz-translate-text=\"1\">\n<p class=\"brz-fs-lg-14 brz-ft-google brz-ff-overpass brz-tp-lg-empty brz-fsft-lg-0 brz-fwdth-lg-100 brz-vfw-lg-400 brz-lh-lg-1_9 brz-ls-lg-0 brz-fw-lg-400 brz-fss-lg-px brz-css-lmWQc\" data-generated-css=\"brz-css-apiT9\" data-uniq-id=\"kvrur\"><span>Oisu noortetuba<\/span><\/p>\n<p class=\"brz-fs-lg-14 brz-ft-google brz-ff-overpass brz-tp-lg-empty brz-fsft-lg-0 brz-fwdth-lg-100 brz-vfw-lg-400 brz-lh-lg-1_9 brz-ls-lg-0 brz-fw-lg-400 brz-fss-lg-px brz-css-rUkyG\" data-generated-css=\"brz-css-sdFB5\" data-uniq-id=\"mOZSm\"><strong>Estonia pst 1, Oisu alevik (Oisu rahvamaja) <\/strong><\/p>\n<p class=\"brz-fs-lg-14 brz-ft-google brz-ff-overpass brz-tp-lg-empty brz-fsft-lg-0 brz-fwdth-lg-100 brz-vfw-lg-400 brz-lh-lg-1_9 brz-ls-lg-0 brz-fw-lg-400 brz-fss-lg-px brz-css-rPMux\" data-generated-css=\"brz-css-uf29B\" data-uniq-id=\"hGywi\"><strong> tel. 523 5379<\/strong><\/p>\n<p class=\"brz-fs-lg-14 brz-ft-google brz-ff-overpass brz-tp-lg-empty brz-fsft-lg-0 brz-fwdth-lg-100 brz-vfw-lg-400 brz-lh-lg-1_9 brz-ls-lg-0 brz-fw-lg-400 brz-fss-lg-px brz-css-iYyna\" data-generated-css=\"brz-css-aI0vs\" data-uniq-id=\"pOv87\"><span>e-post: oisunoortetuba<\/span><span class=\"brz-pre-population-visible\">@tyri.ee<\/span><\/p>\n<p class=\"brz-fs-lg-14 brz-ft-google brz-ff-overpass brz-tp-lg-empty brz-fsft-lg-0 brz-fwdth-lg-100 brz-vfw-lg-400 brz-lh-lg-1_9 brz-ls-lg-0 brz-fw-lg-400 brz-fss-lg-px brz-css-cYxyn\" data-generated-css=\"brz-css-mUY1H\" data-uniq-id=\"wxipt\"><\/p>\n<\/div>\n<\/div>\n<\/div>\n<\/div>\n<\/div>\n<\/div>\n<\/div>\n<\/div>\n<\/div>\n<\/div>\n<\/div>\n<\/div>\n<\/div>\n<\/section><\/div>\n<p><!-- version:1760173328 --><\/p>\n","protected":false},"excerpt":{"rendered":"<p>T\u00fcri noortekeskus Tallinna t\u00e4nav 1a, T\u00fcri linn, T\u00fcri vald Tel. 5343 6104 e-post:&nbsp;noortekeskus@tyri.ee K\u00e4ru noortetuba K\u00e4ru alevik, Lao t\u00e4nav 35 tel. 58534737 e-post: alice.sizask@gmail.com V\u00e4\u00e4tsa noortetuba V\u00e4\u00e4tsa alevik, Pikk tn 3 tel. 58534611 e-post: vaatsanoortetuba@tyri.ee Oisu noortetuba Estonia pst 1, Oisu alevik (Oisu rahvamaja) tel. 523 5379 e-post: oisunoortetuba@tyri.ee<\/p>\n","protected":false},"author":2,"featured_media":0,"parent":228,"menu_order":0,"comment_status":"closed","ping_status":"closed","template":"brizy-blank-template.php","meta":{"footnotes":""},"class_list":["post-281","page","type-page","status-publish","hentry"],"blocksy_meta":[],"brizy_media":[{"id":70,"url":"https:\/\/tyriloomemaja.ee\/tyrinoortekeskus\/wp-content\/uploads\/2025\/06\/TrNkLogoSuur-scaled.png","name":"TrNkLogoSuur.png","meta":{"brizy_attachment_uid":"wp-7036654f093c7765c0f4b08594ca7921.png","brizy_post_uid":["1063fed7ff3bfcc3a6d64f58525e3793"]}},{"id":92,"url":"https:\/\/tyriloomemaja.ee\/tyrinoortekeskus\/wp-content\/uploads\/2025\/06\/Green.png","name":"Green.png","meta":{"brizy_attachment_uid":"wp-a2d808c3909b8cb5f13ba0a0bbfc2fbd.png","brizy_post_uid":["1063fed7ff3bfcc3a6d64f58525e3793"]}},{"id":128,"url":"https:\/\/tyriloomemaja.ee\/tyrinoortekeskus\/wp-content\/uploads\/2025\/06\/pexels-pixabay-259915-scaled.jpg","name":"pexels-pixabay-259915.jpg","meta":{"brizy_attachment_uid":"wp-0e1284c2bb15bacaa0519ed3a06c66aa.jpg","brizy_post_uid":["1063fed7ff3bfcc3a6d64f58525e3793"]}},{"id":135,"url":"https:\/\/tyriloomemaja.ee\/tyrinoortekeskus\/wp-content\/uploads\/2025\/06\/TrNkLogoSuur-removebg-preview.png","name":"TrNkLogoSuur-removebg-preview.png","meta":{"brizy_attachment_uid":"wp-b300a9fc1ffb0d1f0862c388f6e0f944.png","brizy_post_uid":["1063fed7ff3bfcc3a6d64f58525e3793"]}},{"id":137,"url":"https:\/\/tyriloomemaja.ee\/tyrinoortekeskus\/wp-content\/uploads\/2025\/06\/bckgrndbnner.png","name":"bckgrndbnner.png","meta":{"brizy_attachment_uid":"wp-58b14ad06b2504fd80c06dfb2c52f432.png","brizy_post_uid":["1063fed7ff3bfcc3a6d64f58525e3793"]}},{"id":177,"url":"https:\/\/tyriloomemaja.ee\/tyrinoortekeskus\/wp-content\/uploads\/2025\/06\/bckgrndbnner-1-e1754085525983.png","name":"bckgrndbnner-1.png","meta":{"brizy_attachment_uid":"wp-0d99e39b19ce5b132a6a87b07fad00d2.png","brizy_post_uid":["1063fed7ff3bfcc3a6d64f58525e3793"]}},{"id":378,"url":"https:\/\/tyriloomemaja.ee\/tyrinoortekeskus\/wp-content\/uploads\/2025\/07\/noortekeskus.jpg","name":"noortekeskus.jpg","meta":{"brizy_attachment_uid":"wp-b9ab3bede83ef2bff23709d6fb78ee8b.jpg","brizy_post_uid":["1063fed7ff3bfcc3a6d64f58525e3793"]}},{"id":387,"url":"https:\/\/tyriloomemaja.ee\/tyrinoortekeskus\/wp-content\/uploads\/2025\/07\/sekretaar.jpeg","name":"sekretaar.jpeg","meta":{"brizy_attachment_uid":"wp-90ae9ff97ea96abe8f8731f98ca455ed.jpeg","brizy_post_uid":["1063fed7ff3bfcc3a6d64f58525e3793"]}},{"id":388,"url":"https:\/\/tyriloomemaja.ee\/tyrinoortekeskus\/wp-content\/uploads\/2025\/07\/juhataja.jpg","name":"juhataja.jpg","meta":{"brizy_attachment_uid":"wp-3c5075e6e82c01b67b5ac40169ebfe5a.jpg","brizy_post_uid":["1063fed7ff3bfcc3a6d64f58525e3793"]}},{"id":490,"url":"https:\/\/tyriloomemaja.ee\/tyrinoortekeskus\/wp-content\/uploads\/2025\/07\/jlm4.jpg","name":"jlm4.jpg","meta":{"brizy_attachment_uid":"wp-56f13a2315a2750fe8da6c3da63bcb38.jpg","brizy_post_uid":["1063fed7ff3bfcc3a6d64f58525e3793"]}},{"id":491,"url":"https:\/\/tyriloomemaja.ee\/tyrinoortekeskus\/wp-content\/uploads\/2025\/07\/jlm3.jpg","name":"jlm3.jpg","meta":{"brizy_attachment_uid":"wp-0ff9c98e0a520d960269f148fd46a167.jpg","brizy_post_uid":["1063fed7ff3bfcc3a6d64f58525e3793"]}},{"id":492,"url":"https:\/\/tyriloomemaja.ee\/tyrinoortekeskus\/wp-content\/uploads\/2025\/07\/jlm2.jpg","name":"jlm2.jpg","meta":{"brizy_attachment_uid":"wp-61f4f86d84e7413a55b77523a043473b.jpg","brizy_post_uid":["1063fed7ff3bfcc3a6d64f58525e3793"]}},{"id":493,"url":"https:\/\/tyriloomemaja.ee\/tyrinoortekeskus\/wp-content\/uploads\/2025\/07\/jlm1.jpg","name":"jlm1.jpg","meta":{"brizy_attachment_uid":"wp-f900e42b41ef213135404a4ddb1f07b2.jpg","brizy_post_uid":["1063fed7ff3bfcc3a6d64f58525e3793"]}},{"id":498,"url":"https:\/\/tyriloomemaja.ee\/tyrinoortekeskus\/wp-content\/uploads\/2025\/07\/kru4.jpg","name":"kru4.jpg","meta":{"brizy_attachment_uid":"wp-cd553e9cc88fe1531755ea6f37e4b5ad.jpg","brizy_post_uid":["1063fed7ff3bfcc3a6d64f58525e3793"]}},{"id":499,"url":"https:\/\/tyriloomemaja.ee\/tyrinoortekeskus\/wp-content\/uploads\/2025\/07\/kru3.jpg","name":"kru3.jpg","meta":{"brizy_attachment_uid":"wp-356c52d9801aea7081a518eb26da63b0.jpg","brizy_post_uid":["1063fed7ff3bfcc3a6d64f58525e3793"]}},{"id":500,"url":"https:\/\/tyriloomemaja.ee\/tyrinoortekeskus\/wp-content\/uploads\/2025\/07\/kru2.jpg","name":"kru2.jpg","meta":{"brizy_attachment_uid":"wp-0be91a5f042e5a4ac95ef02a0404db62.jpg","brizy_post_uid":["1063fed7ff3bfcc3a6d64f58525e3793"]}},{"id":501,"url":"https:\/\/tyriloomemaja.ee\/tyrinoortekeskus\/wp-content\/uploads\/2025\/07\/kru1.jpg","name":"kru1.jpg","meta":{"brizy_attachment_uid":"wp-0ab05cf50d8e877ea80f71ad32f69aaf.jpg","brizy_post_uid":["1063fed7ff3bfcc3a6d64f58525e3793"]}},{"id":513,"url":"https:\/\/tyriloomemaja.ee\/tyrinoortekeskus\/wp-content\/uploads\/2025\/07\/trnk.jpg","name":"trnk.jpg","meta":{"brizy_attachment_uid":"wp-5e30522bbe9bd2c072a8607c768c3347.jpg","brizy_post_uid":["1063fed7ff3bfcc3a6d64f58525e3793"]}},{"id":540,"url":"https:\/\/tyriloomemaja.ee\/tyrinoortekeskus\/wp-content\/uploads\/2025\/07\/juhtaja.jpg","name":"juhtaja.jpg","meta":{"brizy_attachment_uid":"wp-8767909842c335186334544aefca5b30.jpg","brizy_post_uid":["1063fed7ff3bfcc3a6d64f58525e3793"]}},{"id":557,"url":"https:\/\/tyriloomemaja.ee\/tyrinoortekeskus\/wp-content\/uploads\/2025\/07\/oisuJuhataja.jpg","name":"oisuJuhataja.jpg","meta":{"brizy_attachment_uid":"wp-584d7f689babc48b13f1f579421fdb1a.jpg","brizy_post_uid":["1063fed7ff3bfcc3a6d64f58525e3793"]}},{"id":630,"url":"https:\/\/tyriloomemaja.ee\/tyrinoortekeskus\/wp-content\/uploads\/2025\/07\/karunoortejuht.jpg","name":"karunoortejuht.jpg","meta":{"brizy_attachment_uid":"wp-4384cd6501424a2a41fad5426dfdc0cb.jpg","brizy_post_uid":["1063fed7ff3bfcc3a6d64f58525e3793"]}},{"id":634,"url":"https:\/\/tyriloomemaja.ee\/tyrinoortekeskus\/wp-content\/uploads\/2025\/07\/vaatsanoortejuht2.jpg","name":"vaatsanoortejuht2.jpg","meta":{"brizy_attachment_uid":"wp-d8239d2a61978c6803f7fd0b176ab8e8.jpg","brizy_post_uid":["1063fed7ff3bfcc3a6d64f58525e3793"]}},{"id":635,"url":"https:\/\/tyriloomemaja.ee\/tyrinoortekeskus\/wp-content\/uploads\/2025\/07\/vaatsanoortejuht1.jpg","name":"vaatsanoortejuht1.jpg","meta":{"brizy_attachment_uid":"wp-84c594cdf1a4ec01ab2e81b9ac630455.jpg","brizy_post_uid":["1063fed7ff3bfcc3a6d64f58525e3793"]}},{"id":1425,"url":"https:\/\/tyriloomemaja.ee\/tyrinoortekeskus\/wp-content\/uploads\/2025\/08\/Untitled.jpeg","name":"Untitled.jpeg","meta":{"brizy_attachment_uid":"wp-aa1efce5e87b74e1ffdd590723e190fa.jpeg","brizy_post_uid":["1063fed7ff3bfcc3a6d64f58525e3793"]}},{"id":1426,"url":"https:\/\/tyriloomemaja.ee\/tyrinoortekeskus\/wp-content\/uploads\/2025\/08\/5bd47f2f-8b5d-4a94-8d21-5ce3c33aed83.png","name":"5bd47f2f-8b5d-4a94-8d21-5ce3c33aed83.png","meta":{"brizy_attachment_uid":"wp-a009a6b8bfa4f34cb29e830f40490d86.png","brizy_post_uid":["1063fed7ff3bfcc3a6d64f58525e3793"]}},{"id":1427,"url":"https:\/\/tyriloomemaja.ee\/tyrinoortekeskus\/wp-content\/uploads\/2025\/08\/sssss23.jpeg","name":"sssss23.jpeg","meta":{"brizy_attachment_uid":"wp-5fb9cf009d5ba85297efca153c585c6b.jpeg","brizy_post_uid":["1063fed7ff3bfcc3a6d64f58525e3793"]}},{"id":1615,"url":"https:\/\/tyriloomemaja.ee\/tyrinoortekeskus\/wp-content\/uploads\/2025\/08\/14e97da97bef2c1d894e2b90543da404.jpg","name":"14e97da97bef2c1d894e2b90543da404.jpg","meta":{"brizy_attachment_uid":"wp-0f834c5490385baf942d4a3cec8ad650.jpg","brizy_post_uid":["1063fed7ff3bfcc3a6d64f58525e3793"]}},{"id":1627,"url":"https:\/\/tyriloomemaja.ee\/tyrinoortekeskus\/wp-content\/uploads\/2025\/08\/360_F_1139833127_OZdG0qgKQY6uYyG01vvrKWPEoHs88QWZ.jpg","name":"360_F_1139833127_OZdG0qgKQY6uYyG01vvrKWPEoHs88QWZ.jpg","meta":{"brizy_attachment_uid":"wp-9cb28ea54498cda7f18133d241d33141.jpg","brizy_post_uid":["1063fed7ff3bfcc3a6d64f58525e3793"]}},{"id":1628,"url":"https:\/\/tyriloomemaja.ee\/tyrinoortekeskus\/wp-content\/uploads\/2025\/08\/Untitleds.jpeg","name":"Untitleds.jpeg","meta":{"brizy_attachment_uid":"wp-74fb3c892aef4fa266c059bafd736d1b.jpeg","brizy_post_uid":["1063fed7ff3bfcc3a6d64f58525e3793"]}},{"id":1629,"url":"https:\/\/tyriloomemaja.ee\/tyrinoortekeskus\/wp-content\/uploads\/2025\/08\/Untitledss.jpeg","name":"Untitledss.jpeg","meta":{"brizy_attachment_uid":"wp-de644d9f815b3924a2835728e86f9db0.jpeg","brizy_post_uid":["1063fed7ff3bfcc3a6d64f58525e3793"]}},{"id":1630,"url":"https:\/\/tyriloomemaja.ee\/tyrinoortekeskus\/wp-content\/uploads\/2025\/08\/ssssssssssdf1.jpeg","name":"ssssssssssdf1.jpeg","meta":{"brizy_attachment_uid":"wp-a8044966764915cfa83b61ee15112576.jpeg","brizy_post_uid":["1063fed7ff3bfcc3a6d64f58525e3793"]}},{"id":1706,"url":"https:\/\/tyriloomemaja.ee\/tyrinoortekeskus\/wp-content\/uploads\/2025\/08\/o.jpeg","name":"o.jpeg","meta":{"brizy_attachment_uid":"wp-b8952946408079e86b68140c55c84536.jpeg","brizy_post_uid":["1063fed7ff3bfcc3a6d64f58525e3793"]}},{"id":1707,"url":"https:\/\/tyriloomemaja.ee\/tyrinoortekeskus\/wp-content\/uploads\/2025\/08\/v.jpeg","name":"v.jpeg","meta":{"brizy_attachment_uid":"wp-05ec42edb3154062d4ff740351a1a9ee.jpeg","brizy_post_uid":["1063fed7ff3bfcc3a6d64f58525e3793"]}},{"id":1720,"url":"https:\/\/tyriloomemaja.ee\/tyrinoortekeskus\/wp-content\/uploads\/2025\/08\/sss.jpeg","name":"sss.jpeg","meta":{"brizy_attachment_uid":"wp-43cae5e8ee2b3fdec642130262e995a3.jpeg","brizy_post_uid":["1063fed7ff3bfcc3a6d64f58525e3793"]}},{"id":1721,"url":"https:\/\/tyriloomemaja.ee\/tyrinoortekeskus\/wp-content\/uploads\/2025\/08\/Untitled-1.jpeg","name":"Untitled-1.jpeg","meta":{"brizy_attachment_uid":"wp-f0b4e7222017dd9d4defd03e71164eb8.jpeg","brizy_post_uid":["1063fed7ff3bfcc3a6d64f58525e3793"]}},{"id":1722,"url":"https:\/\/tyriloomemaja.ee\/tyrinoortekeskus\/wp-content\/uploads\/2025\/08\/Untitleds-1.jpeg","name":"Untitleds-1.jpeg","meta":{"brizy_attachment_uid":"wp-78597fe372b0e4ce17e0a3c9188140e7.jpeg","brizy_post_uid":["1063fed7ff3bfcc3a6d64f58525e3793"]}},{"id":1730,"url":"https:\/\/tyriloomemaja.ee\/tyrinoortekeskus\/wp-content\/uploads\/2025\/08\/Untitled-2.jpeg","name":"Untitled-2.jpeg","meta":{"brizy_attachment_uid":"wp-184c3ecfe91c4146d22a4654dbcc1fab.jpeg","brizy_post_uid":["1063fed7ff3bfcc3a6d64f58525e3793"]}},{"id":1731,"url":"https:\/\/tyriloomemaja.ee\/tyrinoortekeskus\/wp-content\/uploads\/2025\/08\/Untitledd.jpeg","name":"Untitledd.jpeg","meta":{"brizy_attachment_uid":"wp-0c9cf6aa24301e10703b4bc579150d0c.jpeg","brizy_post_uid":["1063fed7ff3bfcc3a6d64f58525e3793"]}},{"id":1732,"url":"https:\/\/tyriloomemaja.ee\/tyrinoortekeskus\/wp-content\/uploads\/2025\/08\/Untitleds-2.jpeg","name":"Untitleds-2.jpeg","meta":{"brizy_attachment_uid":"wp-0c6648329e2d91f4fba0c959091a684a.jpeg","brizy_post_uid":["1063fed7ff3bfcc3a6d64f58525e3793"]}},{"id":1745,"url":"https:\/\/tyriloomemaja.ee\/tyrinoortekeskus\/wp-content\/uploads\/2025\/08\/Untitled-3.jpeg","name":"Untitled-3.jpeg","meta":{"brizy_attachment_uid":"wp-709a793beb6f028322f62ed2457e1d59.jpeg","brizy_post_uid":["1063fed7ff3bfcc3a6d64f58525e3793"]}},{"id":1746,"url":"https:\/\/tyriloomemaja.ee\/tyrinoortekeskus\/wp-content\/uploads\/2025\/08\/Untitledd-1.jpeg","name":"Untitledd-1.jpeg","meta":{"brizy_attachment_uid":"wp-88c06369565ac06bf24fd360b4bc87ec.jpeg","brizy_post_uid":["1063fed7ff3bfcc3a6d64f58525e3793"]}},{"id":1747,"url":"https:\/\/tyriloomemaja.ee\/tyrinoortekeskus\/wp-content\/uploads\/2025\/08\/Untitleds-3.jpeg","name":"Untitleds-3.jpeg","meta":{"brizy_attachment_uid":"wp-e075dc0a2bc46bc03faf7aca371640aa.jpeg","brizy_post_uid":["1063fed7ff3bfcc3a6d64f58525e3793"]}},{"id":1757,"url":"https:\/\/tyriloomemaja.ee\/tyrinoortekeskus\/wp-content\/uploads\/2025\/08\/Untitled-4.jpeg","name":"Untitled-4.jpeg","meta":{"brizy_attachment_uid":"wp-d0d5574362cdced4edfb0828003891ff.jpeg","brizy_post_uid":["1063fed7ff3bfcc3a6d64f58525e3793"]}},{"id":1758,"url":"https:\/\/tyriloomemaja.ee\/tyrinoortekeskus\/wp-content\/uploads\/2025\/08\/Untitlede.jpeg","name":"Untitlede.jpeg","meta":{"brizy_attachment_uid":"wp-ce7c33ccc619383a6b586b9a08ca66ef.jpeg","brizy_post_uid":["1063fed7ff3bfcc3a6d64f58525e3793"]}},{"id":1759,"url":"https:\/\/tyriloomemaja.ee\/tyrinoortekeskus\/wp-content\/uploads\/2025\/08\/Untitleds-4.jpeg","name":"Untitleds-4.jpeg","meta":{"brizy_attachment_uid":"wp-e22e2d945d036a9e835cd336b9aaaa18.jpeg","brizy_post_uid":["1063fed7ff3bfcc3a6d64f58525e3793"]}},{"id":1770,"url":"https:\/\/tyriloomemaja.ee\/tyrinoortekeskus\/wp-content\/uploads\/2025\/08\/514927181_122192454608309769_5095435622845836701_n.jpg","name":"514927181_122192454608309769_5095435622845836701_n.jpg","meta":{"brizy_attachment_uid":"wp-fb9533813df4377df45205b653056cd8.jpg","brizy_post_uid":["1063fed7ff3bfcc3a6d64f58525e3793"]}},{"id":1771,"url":"https:\/\/tyriloomemaja.ee\/tyrinoortekeskus\/wp-content\/uploads\/2025\/08\/518271389_122193810422309769_3611945602560879961_n.jpg","name":"518271389_122193810422309769_3611945602560879961_n.jpg","meta":{"brizy_attachment_uid":"wp-48fe1c56997ef58d1c8787a7d33898b7.jpg","brizy_post_uid":["1063fed7ff3bfcc3a6d64f58525e3793"]}},{"id":1772,"url":"https:\/\/tyriloomemaja.ee\/tyrinoortekeskus\/wp-content\/uploads\/2025\/08\/527495830_122197450772309769_786700086924406862_n.jpg","name":"527495830_122197450772309769_786700086924406862_n.jpg","meta":{"brizy_attachment_uid":"wp-601f1ace839c3894a63673a9234810cd.jpg","brizy_post_uid":["1063fed7ff3bfcc3a6d64f58525e3793"]}},{"id":1773,"url":"https:\/\/tyriloomemaja.ee\/tyrinoortekeskus\/wp-content\/uploads\/2025\/08\/532917379_122199824570309769_5061136187299215115_n.jpg","name":"532917379_122199824570309769_5061136187299215115_n.jpg","meta":{"brizy_attachment_uid":"wp-f456f8ed7bf0c4c50c5a81d32329b6be.jpg","brizy_post_uid":["1063fed7ff3bfcc3a6d64f58525e3793"]}},{"id":1788,"url":"https:\/\/tyriloomemaja.ee\/tyrinoortekeskus\/wp-content\/uploads\/2025\/10\/Playful-Illustrative-Event-Schedule-Flyer-3.jpg","name":"Playful-Illustrative-Event-Schedule-Flyer-3.jpg","meta":{"brizy_attachment_uid":"wp-d2f302ddb74b657672a5a6fd4ebbda91.jpg","brizy_post_uid":["1063fed7ff3bfcc3a6d64f58525e3793"]}},{"id":1789,"url":"https:\/\/tyriloomemaja.ee\/tyrinoortekeskus\/wp-content\/uploads\/2025\/10\/Playful-Illustrative-Event-Schedule-Flyer-4.jpg","name":"Playful-Illustrative-Event-Schedule-Flyer-4.jpg","meta":{"brizy_attachment_uid":"wp-5c6182e259f78074993b0171222052db.jpg","brizy_post_uid":["1063fed7ff3bfcc3a6d64f58525e3793"]}},{"id":1790,"url":"https:\/\/tyriloomemaja.ee\/tyrinoortekeskus\/wp-content\/uploads\/2025\/10\/Playful-Illustrative-Event-Schedule-Flyer-5.jpg","name":"Playful-Illustrative-Event-Schedule-Flyer-5.jpg","meta":{"brizy_attachment_uid":"wp-f040ffccb8e7cf0aa47dcd0e4817309c.jpg","brizy_post_uid":["1063fed7ff3bfcc3a6d64f58525e3793"]}},{"id":1791,"url":"https:\/\/tyriloomemaja.ee\/tyrinoortekeskus\/wp-content\/uploads\/2025\/10\/Playful-Illustrative-Event-Schedule-Flyer-6.jpg","name":"Playful-Illustrative-Event-Schedule-Flyer-6.jpg","meta":{"brizy_attachment_uid":"wp-ec45d5619813148495224d8571bf0c04.jpg","brizy_post_uid":["1063fed7ff3bfcc3a6d64f58525e3793"]}}],"_links":{"self":[{"href":"https:\/\/tyriloomemaja.ee\/tyrinoortekeskus\/wp-json\/wp\/v2\/pages\/281","targetHints":{"allow":["GET"]}}],"collection":[{"href":"https:\/\/tyriloomemaja.ee\/tyrinoortekeskus\/wp-json\/wp\/v2\/pages"}],"about":[{"href":"https:\/\/tyriloomemaja.ee\/tyrinoortekeskus\/wp-json\/wp\/v2\/types\/page"}],"author":[{"embeddable":true,"href":"https:\/\/tyriloomemaja.ee\/tyrinoortekeskus\/wp-json\/wp\/v2\/users\/2"}],"replies":[{"embeddable":true,"href":"https:\/\/tyriloomemaja.ee\/tyrinoortekeskus\/wp-json\/wp\/v2\/comments?post=281"}],"version-history":[{"count":5,"href":"https:\/\/tyriloomemaja.ee\/tyrinoortekeskus\/wp-json\/wp\/v2\/pages\/281\/revisions"}],"predecessor-version":[{"id":1808,"href":"https:\/\/tyriloomemaja.ee\/tyrinoortekeskus\/wp-json\/wp\/v2\/pages\/281\/revisions\/1808"}],"up":[{"embeddable":true,"href":"https:\/\/tyriloomemaja.ee\/tyrinoortekeskus\/wp-json\/wp\/v2\/pages\/228"}],"wp:attachment":[{"href":"https:\/\/tyriloomemaja.ee\/tyrinoortekeskus\/wp-json\/wp\/v2\/media?parent=281"}],"curies":[{"name":"wp","href":"https:\/\/api.w.org\/{rel}","templated":true}]}}